{"id":430,"date":"2021-08-25T13:18:23","date_gmt":"2021-08-25T13:18:23","guid":{"rendered":"https:\/\/webdome.at\/sojus-1\/?page_id=430"},"modified":"2023-05-16T09:27:21","modified_gmt":"2023-05-16T09:27:21","slug":"impressum","status":"publish","type":"page","link":"https:\/\/ferienwohnung-ursprunger.at\/en\/impressum\/","title":{"rendered":"Imprint"},"content":{"rendered":"<div data-elementor-type=\"wp-page\" data-elementor-id=\"430\" class=\"elementor elementor-430\">\n\t\t\t\t\t\t\t\t\t<section class=\"elementor-section elementor-top-section elementor-element elementor-element-ff91040 elementor-section-boxed elementor-section-height-default elementor-section-height-default\" data-id=\"ff91040\" data-element_type=\"section\">\n\t\t\t\t\t\t<div class=\"elementor-container elementor-column-gap-default\">\n\t\t\t\t\t<div class=\"elementor-column elementor-col-100 elementor-top-column elementor-element elementor-element-e4236ea\" data-id=\"e4236ea\" data-element_type=\"column\">\n\t\t\t<div class=\"elementor-widget-wrap elementor-element-populated\">\n\t\t\t\t\t\t\t\t<div class=\"elementor-element elementor-element-f21319d elementor-widget elementor-widget-heading\" data-id=\"f21319d\" data-element_type=\"widget\" data-widget_type=\"heading.default\">\n\t\t\t\t<div class=\"elementor-widget-container\">\n\t\t\t<h1 class=\"elementor-heading-title elementor-size-default\">Imprint<\/h1>\t\t<\/div>\n\t\t\t\t<\/div>\n\t\t\t\t<div class=\"elementor-element elementor-element-59cd8c9 elementor-widget elementor-widget-text-editor\" data-id=\"59cd8c9\" data-element_type=\"widget\" data-widget_type=\"text-editor.default\">\n\t\t\t\t<div class=\"elementor-widget-container\">\n\t\t\t\t\t\t\t<div class=\"elementor-element elementor-element-67d9827 elementor-widget elementor-widget-wp-widget-text\" data-id=\"67d9827\" data-element_type=\"widget\" data-widget_type=\"wp-widget-text.default\"><div class=\"elementor-widget-container\"><div class=\"textwidget\"><p>Authorized representative: Julia Maier<br \/>Company address: Zeutschach 15, 8820 Neumarkt in der Steiermark, Austria<br \/>Jurisdiction: Murau<\/p><\/div><\/div><\/div><div class=\"elementor-element elementor-element-bebf734 elementor-widget elementor-widget-spacer\" data-id=\"bebf734\" data-element_type=\"widget\" data-widget_type=\"spacer.default\"><div class=\"elementor-widget-container\"><div class=\"elementor-spacer\"><div class=\"elementor-spacer-inner\">\u00a0<\/div><\/div><\/div><\/div><div class=\"elementor-element elementor-element-0cc6d82 elementor-widget elementor-widget-wp-widget-text\" data-id=\"0cc6d82\" data-element_type=\"widget\" data-widget_type=\"wp-widget-text.default\"><div class=\"elementor-widget-container\"><div class=\"textwidget\"><p>Disclaimer: The author does not assume any liability for the correctness, accuracy, timeliness, reliability, and completeness of the information provided. Liability claims against the author for material or immaterial damages resulting from access to or use or non-use of the published information, misuse of the connection, or technical disruptions are excluded. All offers are non-binding. The author expressly reserves the right to change, add to, delete, or temporarily or permanently discontinue parts of the site or the entire offer without prior notice.<\/p><p>**Liability for Links:** References and links to third-party websites are outside our area of responsibility. We disclaim any responsibility for such websites. Access to and use of such websites is at the user's own risk.<\/p><p>**Copyright:** The copyright and all other rights to content, images, photos, or other files on the website exclusively belong to Mediadome Werbeagentur OG or the specifically named rights holders. Reproduction of any elements requires prior written consent from the copyright holders.<\/p><p>**Image Rights:** Mediadome Werbeagentur, Julia Maier<\/p><\/div><\/div><\/div>\t\t\t\t\t\t<\/div>\n\t\t\t\t<\/div>\n\t\t\t\t\t<\/div>\n\t\t<\/div>\n\t\t\t\t\t\t\t<\/div>\n\t\t<\/section>\n\t\t\t\t\t\t\t<\/div>","protected":false},"excerpt":{"rendered":"<p>Impressum Vertretungsberechtigte Personen: Julia MaierSitz des Unternehmens: Zeutschach 15, 8820 Neumarkt in der SteiermarkGerichtsstand: Murau \u00a0 Haftungsausschluss: Der Autor \u00fcbernimmt keinerlei Gew\u00e4hr hinsichtlich der inhaltlichen Richtigkeit, Genauigkeit, Aktualit\u00e4t, Zuverl\u00e4ssigkeit und Vollst\u00e4ndigkeit der Informationen. Haftungsanspr\u00fcche gegen den Autor wegen Sch\u00e4den materieller oder immaterieller Art, welche aus dem Zugriff oder der Nutzung bzw. Nichtnutzung der ver\u00f6ffentlichten Informationen, [&hellip;]<\/p>","protected":false},"author":1,"featured_media":0,"parent":0,"menu_order":0,"comment_status":"closed","ping_status":"closed","template":"","meta":{"footnotes":""},"class_list":["post-430","page","type-page","status-publish","hentry"],"_links":{"self":[{"href":"https:\/\/ferienwohnung-ursprunger.at\/en\/wp-json\/wp\/v2\/pages\/430","targetHints":{"allow":["GET"]}}],"collection":[{"href":"https:\/\/ferienwohnung-ursprunger.at\/en\/wp-json\/wp\/v2\/pages"}],"about":[{"href":"https:\/\/ferienwohnung-ursprunger.at\/en\/wp-json\/wp\/v2\/types\/page"}],"author":[{"embeddable":true,"href":"https:\/\/ferienwohnung-ursprunger.at\/en\/wp-json\/wp\/v2\/users\/1"}],"replies":[{"embeddable":true,"href":"https:\/\/ferienwohnung-ursprunger.at\/en\/wp-json\/wp\/v2\/comments?post=430"}],"version-history":[{"count":10,"href":"https:\/\/ferienwohnung-ursprunger.at\/en\/wp-json\/wp\/v2\/pages\/430\/revisions"}],"predecessor-version":[{"id":750,"href":"https:\/\/ferienwohnung-ursprunger.at\/en\/wp-json\/wp\/v2\/pages\/430\/revisions\/750"}],"wp:attachment":[{"href":"https:\/\/ferienwohnung-ursprunger.at\/en\/wp-json\/wp\/v2\/media?parent=430"}],"curies":[{"name":"wp","href":"https:\/\/api.w.org\/{rel}","templated":true}]}}